{"id":126220,"date":"2023-06-27T14:16:49","date_gmt":"2023-06-27T14:16:49","guid":{"rendered":"https:\/\/www.mantenimiento-online.com\/es\/app\/posventa\/mantenimiento\/?page_id=126220"},"modified":"2024-03-26T17:09:10","modified_gmt":"2024-03-26T17:09:10","slug":"buscador","status":"publish","type":"page","link":"https:\/\/www.mantenimiento-online.com\/es\/app\/posventa\/mantenimiento\/campanas-de-seguridad\/buscador\/","title":{"rendered":"Buscador"},"content":{"rendered":"<p>[vc_row][vc_column][vc_empty_space height=\u00bb35px\u00bb][\/vc_column][\/vc_row][vc_row][vc_column width=\u00bb1\/2&#8243;][vc_single_image image=\u00bb155588&#8243; img_size=\u00bbfull\u00bb alignment=\u00bbright\u00bb css_animation=\u00bbbounceInUp\u00bb el_class=\u00bbchasis\u00bb][\/vc_column][vc_column width=\u00bb1\/2&#8243; el_class=\u00bbsearch_wrapper\u00bb][vc_column_text]<\/p>\n<h2>Campa\u00f1as de <strong>Seguridad<\/strong><\/h2>\n<p>&nbsp;<\/p>\n<p>Ingresa tu Chasis, da clic en buscar y revisa si tu veh\u00edculo cuenta con una campa\u00f1a de seguridad:[\/vc_column_text][vc_raw_html]JTNDZm9ybSUyMGlkJTNEJTIyc2VhcmNoX3ZpbiUyMiUyMGFjdGlvbiUzRCUyMiUyRmVzJTJGYXBwJTJGcG9zdmVudGElMkZtYW50ZW5pbWllbnRvJTJGY2FtcGFuYXMtZGUtc2VndXJpZGFkJTJGYWdlbmRhLXR1LWNpdGElMkYlMjIlMjBtZXRob2QlM0QlMjJwb3N0JTIyJTNFJTBBJTNDaW5wdXQlMjB0eXBlJTNEJTIydGV4dCUyMiUyMHBsYWNlaG9sZGVyJTNEJTIyMUhHQkg0MUpYTU4xMDkxODYlMjIlMjBuYW1lJTNEJTIydmluJTIyJTIwaWQlM0QlMjJ2aW4lMjIlMjBtYXhsZW5ndGglM0QlMjIyMCUyMiUzRSUwQSUzQyUyRmZvcm0lM0U=[\/vc_raw_html][vc_column_text el_class=\u00bbnota\u00bb]<img loading=\"lazy\" decoding=\"async\" class=\"telf_icon\" src=\"\/es\/app\/posventa\/mantenimiento\/wp-content\/uploads\/2023\/06\/telf_vw.png\" width=\"25\" height=\"25\" \/><\/p>\n<div class=\"txt_note\">Si tienes dudas puedes contactarte con nuestra l\u00ednea de servicio al cliente<br \/>\n<a href=\"tel:1800898989\"><strong>1800 VW VW VW<\/strong><\/a> (89 89 89)o si tienes una campa\u00f1a el sistema te permitir\u00e1 agendar una cita directamente.<\/div>\n<p>[\/vc_column_text][vc_column_text css_animation=\u00bbbounceInRight\u00bb]<a class=\"btn agendar\">Buscar VIN<\/a><\/p>\n<div class=\"error\"><\/div>\n<p>[\/vc_column_text][\/vc_column][\/vc_row]<\/p>\n","protected":false},"excerpt":{"rendered":"<p>[vc_row][vc_column][vc_empty_space height=\u00bb35px\u00bb][\/vc_column][\/vc_row][vc_row][vc_column width=\u00bb1\/2&#8243;][vc_single_image image=\u00bb155588&#8243; img_size=\u00bbfull\u00bb alignment=\u00bbright\u00bb css_animation=\u00bbbounceInUp\u00bb el_class=\u00bbchasis\u00bb][\/vc_column][vc_column width=\u00bb1\/2&#8243; el_class=\u00bbsearch_wrapper\u00bb][vc_column_text] Campa\u00f1as de Seguridad &nbsp; Ingresa tu Chasis, da clic en buscar y revisa si tu veh\u00edculo cuenta con una campa\u00f1a de seguridad:[\/vc_column_text][vc_raw_html]JTNDZm9ybSUyMGlkJTNEJTIyc2VhcmNoX3ZpbiUyMiUyMGFjdGlvbiUzRCUyMiUyRmVzJTJGYXBwJTJGcG9zdmVudGElMkZtYW50ZW5pbWllbnRvJTJGY2FtcGFuYXMtZGUtc2VndXJpZGFkJTJGYWdlbmRhLXR1LWNpdGElMkYlMjIlMjBtZXRob2QlM0QlMjJwb3N0JTIyJTNFJTBBJTNDaW5wdXQlMjB0eXBlJTNEJTIydGV4dCUyMiUyMHBsYWNlaG9sZGVyJTNEJTIyMUhHQkg0MUpYTU4xMDkxODYlMjIlMjBuYW1lJTNEJTIydmluJTIyJTIwaWQlM0QlMjJ2aW4lMjIlMjBtYXhsZW5ndGglM0QlMjIyMCUyMiUzRSUwQSUzQyUyRmZvcm0lM0U=[\/vc_raw_html][vc_column_text el_class=\u00bbnota\u00bb] Si tienes dudas puedes contactarte con nuestra l\u00ednea de servicio al cliente 1800 VW VW VW (89 89 89)o si tienes una [&hellip;]<\/p>\n","protected":false},"author":5,"featured_media":0,"parent":126218,"menu_order":0,"comment_status":"closed","ping_status":"closed","template":"page-seguridad.php","meta":{"footnotes":""},"_links":{"self":[{"href":"https:\/\/www.mantenimiento-online.com\/es\/app\/posventa\/mantenimiento\/wp-json\/wp\/v2\/pages\/126220"}],"collection":[{"href":"https:\/\/www.mantenimiento-online.com\/es\/app\/posventa\/mantenimiento\/wp-json\/wp\/v2\/pages"}],"about":[{"href":"https:\/\/www.mantenimiento-online.com\/es\/app\/posventa\/mantenimiento\/wp-json\/wp\/v2\/types\/page"}],"author":[{"embeddable":true,"href":"https:\/\/www.mantenimiento-online.com\/es\/app\/posventa\/mantenimiento\/wp-json\/wp\/v2\/users\/5"}],"replies":[{"embeddable":true,"href":"https:\/\/www.mantenimiento-online.com\/es\/app\/posventa\/mantenimiento\/wp-json\/wp\/v2\/comments?post=126220"}],"version-history":[{"count":35,"href":"https:\/\/www.mantenimiento-online.com\/es\/app\/posventa\/mantenimiento\/wp-json\/wp\/v2\/pages\/126220\/revisions"}],"predecessor-version":[{"id":155589,"href":"https:\/\/www.mantenimiento-online.com\/es\/app\/posventa\/mantenimiento\/wp-json\/wp\/v2\/pages\/126220\/revisions\/155589"}],"up":[{"embeddable":true,"href":"https:\/\/www.mantenimiento-online.com\/es\/app\/posventa\/mantenimiento\/wp-json\/wp\/v2\/pages\/126218"}],"wp:attachment":[{"href":"https:\/\/www.mantenimiento-online.com\/es\/app\/posventa\/mantenimiento\/wp-json\/wp\/v2\/media?parent=126220"}],"curies":[{"name":"wp","href":"https:\/\/api.w.org\/{rel}","templated":true}]}}